{"id":5,"date":"2021-08-01T18:24:07","date_gmt":"2021-08-01T18:24:07","guid":{"rendered":"https:\/\/carobgarden.ch\/?page_id=5"},"modified":"2026-01-28T17:21:14","modified_gmt":"2026-01-28T16:21:14","slug":"create-your-website-with-blocks","status":"publish","type":"page","link":"https:\/\/www.carobgarden.ch\/","title":{"rendered":"Kreta erleben mit Urs und wohnen im Carob Garden Eco-House"},"content":{"rendered":"<div class=\"wp-block-image is-style-default\">\n<figure class=\"alignright size-thumbnail is-resized\"><a href=\"https:\/\/www.carobgarden.com\"><img decoding=\"async\" width=\"150\" height=\"150\" src=\"https:\/\/www.carobgarden.ch\/wp-content\/uploads\/2021\/08\/english-button-150x150.jpg\" alt=\"Link to English webpage\" class=\"wp-image-172\" style=\"width:96px;height:96px\" srcset=\"https:\/\/www.carobgarden.ch\/wp-content\/uploads\/2021\/08\/english-button-150x150.jpg 150w, https:\/\/www.carobgarden.ch\/wp-content\/uploads\/2021\/08\/english-button.jpg 264w\" sizes=\"(max-width: 150px) 100vw, 150px\" \/><\/a><figcaption class=\"wp-element-caption\"><strong>English<\/strong><\/figcaption><\/figure>\n<\/div>\n\n\n<p><\/p>\n\n\n\n<h2 class=\"wp-block-heading\"><\/h2>\n\n\n\nngg_shortcode_0_placeholder\n\n\n\n<h2 class=\"wp-block-heading\" id=\"winterblues-ade-der-fruhling-ist-da\">Gepflegte Unterkunft und Naturerlebnisse<\/h2>\n\n\n\n<p>Das Carob Garden EcoHouse bietet einerseits h\u00fcbsche und komfortabel eingerichtete Studio-Appartements. Dazu kommt ein toll ausgestatteter Garten, wo sich lauschige Stunden verbringen lassen. Als besonderen Gratisservice kannst du, bei Anwesenheit des Besitzers Urs, von seinen Ortskenntnissen profitieren (Stichworte Tavernen, Wanderrouten und Str\u00e4nde) und mit ihm zusammen die unglaublich wilde Natur Ostkretas erleben! Impressionen dazu im <a href=\"https:\/\/www.carobgarden.ch\/?page_id=8\">Blog<\/a>.<\/p>\n\n\n\n<figure class=\"wp-block-image size-large\"><img decoding=\"async\" width=\"768\" height=\"1024\" src=\"https:\/\/www.carobgarden.ch\/wp-content\/uploads\/2024\/10\/20241008_182837-768x1024.jpg\" alt=\"\" class=\"wp-image-1686\" srcset=\"https:\/\/www.carobgarden.ch\/wp-content\/uploads\/2024\/10\/20241008_182837-768x1024.jpg 768w, https:\/\/www.carobgarden.ch\/wp-content\/uploads\/2024\/10\/20241008_182837-225x300.jpg 225w, https:\/\/www.carobgarden.ch\/wp-content\/uploads\/2024\/10\/20241008_182837-1152x1536.jpg 1152w, https:\/\/www.carobgarden.ch\/wp-content\/uploads\/2024\/10\/20241008_182837.jpg 1440w\" sizes=\"(max-width: 768px) 100vw, 768px\" \/><figcaption class=\"wp-element-caption\">BBQ @carobgarden<\/figcaption><\/figure>\n\n\n\n<div class=\"wp-block-columns is-layout-flex wp-container-core-columns-is-layout-9d6595d7 wp-block-columns-is-layout-flex\">\n<div class=\"wp-block-column is-layout-flow wp-block-column-is-layout-flow\" style=\"flex-basis:100%\"><\/div>\n<\/div>\n\n\n\n<h2 class=\"wp-block-heading\" id=\"das-wichtigste-zum-angebot-im-uberblick\">Das Wichtigste zum Angebot im \u00dcberblick<\/h2>\n\n\n\n<p>Um es gleich klarzustellen: Wenn du f\u00fcr dein Wohlbefinden immer den neusten Design-Standard von IKEA, eine ger\u00e4umige Loft-Wohnung, einen Widescreen-TV und einen Swimmingpool brauchst, dann bist du bei mir &#8211; sorry &#8211; an der falschen Adresse. Gef\u00e4llt dir hingegen das authentisch-l\u00e4ndliche Kreta, dann wird es dir sehr gut gefallen! Die zwei gut unterhaltenen Studio-Appartements bieten einen \u00fcberdurchschnittlichen Standard, trotz eher kompakter Fl\u00e4che (22 m2 innen + 8 m2 Balkon). Die Wohnungseinrichtung l\u00e4sst sich als 80er-Jahre retro-chic charakterisieren, erg\u00e4nzt mit neuen und n\u00fctzlichen Elementen.<\/p>\n\n\n\n<ul class=\"wp-block-list\">\n<li>Die Mindestmietdauer betr\u00e4gt 5 N\u00e4chte (siehe Angebote).<\/li>\n\n\n\n<li>Du kannst auch ein Doppelappartement oder das ganze Haus (3 Apts. = 6-8 Schlafpl\u00e4tze) mieten. Erkundige dich bei Urs nach einer Spezialofferte! <\/li>\n\n\n\n<li>Ideal f\u00fcr Individualreisende, Paare, Freunde oder Kleingruppen bis 7 Personen. F\u00fcr Familien mit selbst\u00e4ndigen Kindern ebenfalls sehr gut geeignet.<\/li>\n\n\n\n<li>Stressfreie Ferien, auch ohne Auto m\u00f6glich, denn: Badestrand, Tavernen, Einkaufsl\u00e4den, Wochenmarkt, Bushaltestellen, medizinische Versorgung, Ausflugsschiff etc. sind in 5-10 Minuten Fussweg erreichbar. Sogar Wanderungen sind direkt ab zuhause m\u00f6glich. Die Bikevermietung befindet sich im Nachbardorf (mit Hauslieferdienst).<\/li>\n\n\n\n<li>Warum \u00d6ko? Das Haus wurde im Hinblick auf Energieeffizienz und Komfort isoliert (ist in Griechenland nicht \u00fcblich). Wir produzieren eigenen Solarstrom, haben \u00d6kostrom aus Windenergie abonniert (Nachtstrom) und das Warmwasser wird mit einem Sonnenkollektor aufbereitet. \u00dcberall sind LED-Lampen installiert und die Klimager\u00e4te neuster Generation k\u00fchlen und heizen nach dem Prinzip einer Luft-Luft-W\u00e4rmepumpe. Das Apt. #1 kann im Winter gem\u00fctlich mit Holz geheizt werden. Langlebige Materialien werden bevorzugt. Der eigene Peugeot e208 wird tags\u00fcber mit Solarstrom aufgeladen (und steht m\u00f6glichweise f\u00fcr Exkursionen und Transfers zur Verf\u00fcgung).<\/li>\n\n\n\n<li>Ruhige Lage (siehe Kommentare), zwischen Dorf und der Landwirtschaftszone gelegen.<\/li>\n\n\n\n<li>Gutes Mobilfunknetz aller in Griechenland \u00fcblichen Anbieter (inkl. Roaming).<\/li>\n\n\n\n<li>Buche dein bevorzugtes Appartement per Telefon (+41 78 891 08 88 oder +30 690 673 1974), oder per Mail an <a rel=\"noreferrer noopener\" href=\"mailto:urs@carobgarden.ch\" target=\"_blank\">urs@carobgarden.ch<\/a>, oder direkt <a href=\"https:\/\/www.carobgarden.ch\/?page_id=435\">auf dieser Webseite<\/a> .<\/li>\n\n\n\n<li>Hier der <a rel=\"noopener\" href=\"https:\/\/www.google.ch\/maps\/search\/P.B.+783+Makrygialos,+Lassithi,+Crete+GR+72055+Greece\/@35.0416235,25.9753808,56m\/data=!3m1!1e3?hl=de\" target=\"_blank\">Link auf Google Maps<\/a> und der dazu passende QR-Code:<\/li>\n<\/ul>\n\n\n\n<figure class=\"wp-block-image size-full\"><img decoding=\"async\" width=\"104\" height=\"107\" src=\"https:\/\/www.carobgarden.ch\/wp-content\/uploads\/2021\/08\/QR-Code-Google-Maps2-1.jpg\" alt=\"\" class=\"wp-image-125\"\/><figcaption class=\"wp-element-caption\">Luftbild in Google Maps<\/figcaption><\/figure>\n\n\n\n<p>Vielleicht interessiert dich die M\u00f6glichkeit, im n\u00e4chsten Herbst\/Winter die s\u00fcdliche Sonne und W\u00e4rme zu geniessen? Eine <strong>Langzeitmiete <\/strong>bietet sich somit an. <\/p>\n\n\n\n<figure class=\"wp-block-image size-full\"><img decoding=\"async\" width=\"275\" height=\"183\" src=\"https:\/\/www.carobgarden.ch\/wp-content\/uploads\/2022\/11\/LGBTQ-friendly-house.jpg\" alt=\"\" class=\"wp-image-889\"\/><figcaption class=\"wp-element-caption\">LGBTQ+ Welcome!<\/figcaption><\/figure>\n","protected":false},"excerpt":{"rendered":"<p>Gepflegte Unterkunft und Naturerlebnisse Das Carob Garden EcoHouse bietet einerseits h\u00fcbsche und komfortabel eingerichtete Studio-Appartements. Dazu kommt ein toll ausgestatteter Garten, wo sich lauschige Stunden verbringen lassen. Als besonderen Gratisservice kannst du, bei Anwesenheit des Besitzers Urs, von seinen Ortskenntnissen profitieren (Stichworte Tavernen, Wanderrouten und Str\u00e4nde) und mit ihm zusammen die unglaublich wilde Natur Ostkretas [&hellip;]<\/p>\n","protected":false},"author":1,"featured_media":0,"parent":0,"menu_order":0,"comment_status":"closed","ping_status":"closed","template":"","meta":{"ngg_post_thumbnail":0,"footnotes":""},"class_list":["post-5","page","type-page","status-publish","hentry"],"_links":{"self":[{"href":"https:\/\/www.carobgarden.ch\/index.php?rest_route=\/wp\/v2\/pages\/5","targetHints":{"allow":["GET"]}}],"collection":[{"href":"https:\/\/www.carobgarden.ch\/index.php?rest_route=\/wp\/v2\/pages"}],"about":[{"href":"https:\/\/www.carobgarden.ch\/index.php?rest_route=\/wp\/v2\/types\/page"}],"author":[{"embeddable":true,"href":"https:\/\/www.carobgarden.ch\/index.php?rest_route=\/wp\/v2\/users\/1"}],"replies":[{"embeddable":true,"href":"https:\/\/www.carobgarden.ch\/index.php?rest_route=%2Fwp%2Fv2%2Fcomments&post=5"}],"version-history":[{"count":83,"href":"https:\/\/www.carobgarden.ch\/index.php?rest_route=\/wp\/v2\/pages\/5\/revisions"}],"predecessor-version":[{"id":1942,"href":"https:\/\/www.carobgarden.ch\/index.php?rest_route=\/wp\/v2\/pages\/5\/revisions\/1942"}],"wp:attachment":[{"href":"https:\/\/www.carobgarden.ch\/index.php?rest_route=%2Fwp%2Fv2%2Fmedia&parent=5"}],"curies":[{"name":"wp","href":"https:\/\/api.w.org\/{rel}","templated":true}]}}