{"id":116,"date":"2023-09-05T09:41:34","date_gmt":"2023-09-05T07:41:34","guid":{"rendered":"https:\/\/www.carobgarden.ch\/?page_id=116"},"modified":"2026-03-28T16:31:35","modified_gmt":"2026-03-28T15:31:35","slug":"angebote","status":"publish","type":"page","link":"https:\/\/www.carobgarden.ch\/?page_id=116","title":{"rendered":"Angebote"},"content":{"rendered":"\n<h2 class=\"wp-block-heading\" id=\"familien-freunde-kleingruppen\"><strong>Appartements f\u00fcr G\u00e4ste<\/strong><\/h2>\n\n\n\n<p><strong><mark style=\"background-color:rgba(0, 0, 0, 0)\" class=\"has-inline-color has-luminous-vivid-orange-color\">Die Preise (2024-2026) bleiben unver\u00e4ndert! <\/mark><\/strong>ab 60 CHF pro Wohnung und Nacht, respektive <strong>360 CHF pro Woche<\/strong> oder 1100 CHF pro Monat, plus Touristentaxe, Reinigung, W\u00e4sche und Zuschlag f\u00fcr Haustiere.<\/p>\n\n\n\n<p>Mindestdauer 5 N\u00e4chte oder Mindestmiete ab 300 CHF.<\/p>\n\n\n\n<p>Im Preis inbegriffen sind Zustzleistungen wie die vorbereitende Reiseberatung, sowie die Begleitung zu Exkursionen und Wanderungen, sofern ich (Urs) in derselben Zeit auch in Kreta bin. Details siehe unten.<\/p>\n\n\n\n<h2 class=\"wp-block-heading\" id=\"familien-freunde-kleingruppen\"><strong>Familien, Freunde, Kleingruppen\u2026<\/strong><\/h2>\n\n\n\n<p>\u2026mieten zumindest das Apt. #3 oder zwei Wohnungen.<\/p>\n\n\n\n<h2 class=\"wp-block-heading\">Preisliste 2026<\/h2>\n\n\n\n<div data-wp-interactive=\"core\/file\" class=\"wp-block-file\"><object data-wp-bind--hidden=\"!state.hasPdfPreview\" hidden class=\"wp-block-file__embed\" data=\"https:\/\/www.carobgarden.ch\/wp-content\/uploads\/2026\/03\/Preisliste-2026.pdf\" type=\"application\/pdf\" style=\"width:100%;height:600px\" aria-label=\"Einbettung von Preisliste 2026.\"><\/object><a id=\"wp-block-file--media-253efb05-8d62-4fbd-a030-716cd163875b\" href=\"https:\/\/www.carobgarden.ch\/wp-content\/uploads\/2026\/03\/Preisliste-2026.pdf\">Preisliste 2026<\/a><a href=\"https:\/\/www.carobgarden.ch\/wp-content\/uploads\/2026\/03\/Preisliste-2026.pdf\" class=\"wp-block-file__button wp-element-button\" download aria-describedby=\"wp-block-file--media-253efb05-8d62-4fbd-a030-716cd163875b\">Herunterladen<\/a><\/div>\n\n\n\n<h2 class=\"wp-block-heading\" id=\"wie-die-buchung-funktioniert\">Wie die Buchung funktioniert<\/h2>\n\n\n\n<ol class=\"wp-block-list\">\n<li><a rel=\"noreferrer noopener\" href=\"https:\/\/www.carobgarden.ch\/?page_id=435\" target=\"_blank\">Buchungskalender <\/a> konsultieren<\/li>\n\n\n\n<li>Appartement und Daten ausw\u00e4hlen<\/li>\n\n\n\n<li>Telefon\/SMS an Urs +41 78 891 08 88 oder Mail an <a href=\"mailto:urs@carobgarden.ch\" target=\"_blank\" rel=\"noreferrer noopener\">urs@carobgarden.ch<\/a> .<\/li>\n\n\n\n<li>Best\u00e4tigung von Urs abwarten (i.d.R. innert 48 Stunden) <br>&#8211;&gt; 10 Tage provisorische Reservation<\/li>\n\n\n\n<li>Zustellung des Mietvertrags<\/li>\n\n\n\n<li>Bezahlen einer Anzahlung von mindestens 50% (oder des vollen Mietbetrages) mittels:\n<ul class=\"wp-block-list\">\n<li>TWINT  oder<\/li>\n\n\n\n<li>CHF-Bank\u00fcberweisung  oder<\/li>\n\n\n\n<li>EUR-Bank\u00fcberweisung (Details zur Bankverbindung siehe Mietvertrag)<\/li>\n<\/ul>\n<\/li>\n\n\n\n<li>Die Zusatzkosten sind bei Ferienende an Urs zu melden und zu bezahlen. <\/li>\n<\/ol>\n\n\n\n<h2 class=\"wp-block-heading\" id=\"wieder-ab-nachstem-herbst-die-winterblues-wg\"><strong>Im Herbst und Winter: Eine Winterblues WG<\/strong><\/h2>\n\n\n\n<p>Bist Du die immer k\u00fcrzer werdenden Tage mit Nebel und K\u00e4lte im Schweizer Herbst\/Winter auch \u00fcberdr\u00fcssig? Und allenfalls noch zuhause allein sein? Oder zuhause auf den Strom-Blackout warten und frieren? <\/p>\n\n\n\n<p>Die Winterblues WG ist eine innovative Wohnform f\u00fcr Singles oder Paare. Mein Wohnzimmer wird zum Gemeinschaftsraum, wo wir abwechslungsweise kochen, plaudern, etwas lesen oder am PC arbeiten. Zus\u00e4tzlich hast du deine eigene Wohnung im Obergeschoss. Wer auf Wanderungen mitkommen m\u00f6chte, ist bei mir an der richtigen Adresse (siehe <a href=\"https:\/\/www.carobgarden.ch\/?p=324#comment-6\" target=\"_blank\" rel=\"noreferrer noopener\">Kommentar von Manuela und Urs<\/a> oder <a href=\"https:\/\/www.carobgarden.ch\/?p=517#comment-14\" target=\"_blank\" rel=\"noreferrer noopener\">Rolf<\/a>). F\u00fcr Ausfl\u00fcge k\u00f6nnen wir uns mein Elektroauto teilen, einen Peugeot e208.<\/p>\n\n\n\n<p>Das Haus wurde f\u00fcr den <strong>Winterbetrieb <\/strong>fit gemacht. Details siehe <a rel=\"noreferrer noopener\" href=\"https:\/\/www.carobgarden.ch\/wp-admin\/post.php?post=108&amp;action=edit\" target=\"_blank\">hier<\/a>.<\/p>\n\n\n\n<h2 class=\"wp-block-heading\" id=\"wanderwochen-in-kleingruppen\"><strong>Wanderungen<\/strong><\/h2>\n\n\n\n<p>In der Zeit wo ich auch vor Ort bin, also im Fr\u00fchling und Herbst, biete ich meinen G\u00e4sten an, attraktive Wanderungen mit mir zusammen zu unternehmen (siehe <a href=\"https:\/\/www.carobgarden.ch\/?page_id=8\" target=\"_blank\" rel=\"noreferrer noopener\">Blog<\/a>). Die Gegend im Osten Kretas ist besonders vielf\u00e4ltig an erlebnisreichen Schluchten, abseits des Mainstreams. <\/p>\n\n\n\n<p>Diese Dienstleistung ist keine Wanderleitung im kommerziellen Sinn (alles auf eigene Verantwortung) und somit im Mietpreis inbegriffen. Anfallende Unkosten (z.B. Autofahrten) teilen wir uns.<\/p>\n\n\n\n<h2 class=\"wp-block-heading\"><strong>e-Mountainbike<\/strong><\/h2>\n\n\n\n<p>Nach Absprache kann vor Ort das ORIENT e-Mountainbike gemietet werden. Es verf\u00fcgt \u00fcber 21 G\u00e4nge Kettenschaltung, einen 250 Wattmotor auf der hinteren Nabe, eine fein abgestufte Steuerung (9 Stufen + Schieben) und einen 11 Ah Akku. Vom Mieter wird erwartet, dass er damit sorgf\u00e4ltig umgeht, es im Gartenhaus versorgt und den Akku aufl\u00e4dt. Unter diesen Bedingungen gelten diese speziell g\u00fcnstigen Preise:<\/p>\n\n\n\n<figure class=\"wp-block-table\"><table><tbody><tr><td>Tagesmiete<\/td><td>15 \u20ac<\/td><\/tr><tr><td>Wochenmiete (7 Tage), im gemeinsamen Gebrauch mit Urs<br>F\u00fcr den Alleingebrauch<\/td><td>30 \u20ac<br>80 \u20ac<\/td><\/tr><\/tbody><\/table><\/figure>\n\n\n\n<p>Was man mit dem e-MTB beispielsweise unternehmen kann, siehe <a href=\"https:\/\/www.carobgarden.ch\/?p=628\">Blog<\/a>.<\/p>\n\n\n\n<p>Zus\u00e4tzlich gibt es ein Faltrad, das sich flott f\u00e4hrt. Auch dieses kann gegen eine bescheidene Entsch\u00e4digung gemietet werden. Bitte erst nach den Instruktionen durch Urs verwenden und immer im Gartenhaus parkieren!<\/p>\n\n\n\n<h2 class=\"wp-block-heading\" id=\"alle-infos-kompakt-im-faltprospekt\">Allgemeine Gesch\u00e4ftsbedingungen (AGB)<\/h2>\n\n\n\n<div data-wp-interactive=\"core\/file\" class=\"wp-block-file\"><object data-wp-bind--hidden=\"!state.hasPdfPreview\" hidden class=\"wp-block-file__embed\" data=\"https:\/\/www.carobgarden.ch\/wp-content\/uploads\/2025\/03\/20250321_AGB_Carob-Garden-Eco-House.pdf\" type=\"application\/pdf\" style=\"width:100%;height:600px\" aria-label=\"Einbettung von 20250321_AGB_Carob-Garden-Eco-House.\"><\/object><a id=\"wp-block-file--media-3361bc1d-96f6-49fd-8e60-814f9917e995\" href=\"https:\/\/www.carobgarden.ch\/wp-content\/uploads\/2025\/03\/20250321_AGB_Carob-Garden-Eco-House.pdf\">20250321_AGB_Carob-Garden-Eco-House<\/a><a href=\"https:\/\/www.carobgarden.ch\/wp-content\/uploads\/2025\/03\/20250321_AGB_Carob-Garden-Eco-House.pdf\" class=\"wp-block-file__button wp-element-button\" download aria-describedby=\"wp-block-file--media-3361bc1d-96f6-49fd-8e60-814f9917e995\">Herunterladen<\/a><\/div>\n","protected":false},"excerpt":{"rendered":"<p>Appartements f\u00fcr G\u00e4ste Die Preise (2024-2026) bleiben unver\u00e4ndert! ab 60 CHF pro Wohnung und Nacht, respektive 360 CHF pro Woche oder 1100 CHF pro Monat, plus Touristentaxe, Reinigung, W\u00e4sche und Zuschlag f\u00fcr Haustiere. Mindestdauer 5 N\u00e4chte oder Mindestmiete ab 300 CHF. Im Preis inbegriffen sind Zustzleistungen wie die vorbereitende Reiseberatung, sowie die Begleitung zu Exkursionen [&hellip;]<\/p>\n","protected":false},"author":1,"featured_media":0,"parent":0,"menu_order":0,"comment_status":"closed","ping_status":"closed","template":"","meta":{"ngg_post_thumbnail":0,"footnotes":""},"class_list":["post-116","page","type-page","status-publish","hentry"],"_links":{"self":[{"href":"https:\/\/www.carobgarden.ch\/index.php?rest_route=\/wp\/v2\/pages\/116","targetHints":{"allow":["GET"]}}],"collection":[{"href":"https:\/\/www.carobgarden.ch\/index.php?rest_route=\/wp\/v2\/pages"}],"about":[{"href":"https:\/\/www.carobgarden.ch\/index.php?rest_route=\/wp\/v2\/types\/page"}],"author":[{"embeddable":true,"href":"https:\/\/www.carobgarden.ch\/index.php?rest_route=\/wp\/v2\/users\/1"}],"replies":[{"embeddable":true,"href":"https:\/\/www.carobgarden.ch\/index.php?rest_route=%2Fwp%2Fv2%2Fcomments&post=116"}],"version-history":[{"count":56,"href":"https:\/\/www.carobgarden.ch\/index.php?rest_route=\/wp\/v2\/pages\/116\/revisions"}],"predecessor-version":[{"id":1952,"href":"https:\/\/www.carobgarden.ch\/index.php?rest_route=\/wp\/v2\/pages\/116\/revisions\/1952"}],"wp:attachment":[{"href":"https:\/\/www.carobgarden.ch\/index.php?rest_route=%2Fwp%2Fv2%2Fmedia&parent=116"}],"curies":[{"name":"wp","href":"https:\/\/api.w.org\/{rel}","templated":true}]}}